{"id":941,"date":"2020-03-12T15:40:57","date_gmt":"2020-03-12T15:40:57","guid":{"rendered":"https:\/\/worldcolorstudio.com\/?page_id=941"},"modified":"2026-01-26T06:22:34","modified_gmt":"2026-01-26T06:22:34","slug":"uber","status":"publish","type":"page","link":"https:\/\/worldcolorstudio.com\/de\/about\/","title":{"rendered":"\u00dcber"},"content":{"rendered":"<div class=\"fusion-fullwidth fullwidth-box fusion-builder-row-1 fusion-flex-container has-pattern-background has-mask-background nonhundred-percent-fullwidth non-hundred-percent-height-scrolling\" style=\"--awb-border-radius-top-left:0px;--awb-border-radius-top-right:0px;--awb-border-radius-bottom-right:0px;--awb-border-radius-bottom-left:0px;--awb-flex-wrap:wrap;\" ><div class=\"fusion-builder-row fusion-row fusion-flex-align-items-flex-start fusion-flex-content-wrap\" style=\"max-width:1404px;margin-left: calc(-4% \/ 2 );margin-right: calc(-4% \/ 2 );\"><div class=\"fusion-layout-column fusion_builder_column fusion-builder-column-0 fusion_builder_column_1_1 1_1 fusion-flex-column\" style=\"--awb-padding-top:2%;--awb-padding-bottom:2%;--awb-bg-size:cover;--awb-width-large:100%;--awb-margin-top-large:0px;--awb-spacing-right-large:1.92%;--awb-margin-bottom-large:20px;--awb-spacing-left-large:1.92%;--awb-width-medium:100%;--awb-order-medium:0;--awb-spacing-right-medium:1.92%;--awb-spacing-left-medium:1.92%;--awb-width-small:100%;--awb-order-small:0;--awb-spacing-right-small:1.92%;--awb-spacing-left-small:1.92%;\" data-scroll-devices=\"small-visibility,medium-visibility,large-visibility\"><div class=\"fusion-column-wrapper fusion-column-has-shadow fusion-flex-justify-content-flex-start fusion-content-layout-column\"><div class=\"fusion-text fusion-text-1\" style=\"--awb-line-height:1.4;\"><h3 style=\"text-align: center;\" data-start=\"155\" data-end=\"517\">Wir arbeiten an Geschichten, die aus gelebten Erfahrungen und kulturellen Besonderheiten entstehen, und legen dabei den Fokus auf Projekte, die sich flie\u00dfend zwischen kreativen R\u00e4umen und einem globalen Publikum bewegen k\u00f6nnen.<\/h3>\n<\/div><\/div><\/div><\/div><\/div>","protected":false},"excerpt":{"rendered":"","protected":false},"author":1,"featured_media":0,"parent":0,"menu_order":0,"comment_status":"closed","ping_status":"closed","template":"100-width.php","meta":{"footnotes":""},"class_list":["post-941","page","type-page","status-publish","hentry"],"yoast_head":"<!-- This site is optimized with the Yoast SEO plugin v27.3 - https:\/\/yoast.com\/product\/yoast-seo-wordpress\/ -->\n<title>About<\/title>\n<meta name=\"robots\" content=\"index, follow, max-snippet:-1, max-image-preview:large, max-video-preview:-1\" \/>\n<link rel=\"canonical\" href=\"https:\/\/worldcolorstudio.com\/de\/uber\/\" \/>\n<meta property=\"og:locale\" content=\"de_DE\" \/>\n<meta property=\"og:type\" content=\"article\" \/>\n<meta property=\"og:title\" content=\"About\" \/>\n<meta property=\"og:url\" content=\"https:\/\/worldcolorstudio.com\/de\/uber\/\" \/>\n<meta property=\"og:site_name\" content=\"World Color Studio 22\" \/>\n<meta property=\"article:publisher\" content=\"https:\/\/www.facebook.com\/WorldColorStudio\/\" \/>\n<meta property=\"article:modified_time\" content=\"2026-01-26T06:22:34+00:00\" \/>\n<meta name=\"twitter:label1\" content=\"Gesch\u00e4tzte Lesezeit\" \/>\n\t<meta name=\"twitter:data1\" content=\"5\u00a0Minuten\" \/>\n<script type=\"application\/ld+json\" class=\"yoast-schema-graph\">{\"@context\":\"https:\\\/\\\/schema.org\",\"@graph\":[{\"@type\":\"WebPage\",\"@id\":\"https:\\\/\\\/worldcolorstudio.com\\\/about\\\/\",\"url\":\"https:\\\/\\\/worldcolorstudio.com\\\/about\\\/\",\"name\":\"About\",\"isPartOf\":{\"@id\":\"https:\\\/\\\/worldcolorstudio.com\\\/#website\"},\"datePublished\":\"2020-03-12T15:40:57+00:00\",\"dateModified\":\"2026-01-26T06:22:34+00:00\",\"breadcrumb\":{\"@id\":\"https:\\\/\\\/worldcolorstudio.com\\\/about\\\/#breadcrumb\"},\"inLanguage\":\"de\",\"potentialAction\":[{\"@type\":\"ReadAction\",\"target\":[\"https:\\\/\\\/worldcolorstudio.com\\\/about\\\/\"]}]},{\"@type\":\"BreadcrumbList\",\"@id\":\"https:\\\/\\\/worldcolorstudio.com\\\/about\\\/#breadcrumb\",\"itemListElement\":[{\"@type\":\"ListItem\",\"position\":1,\"name\":\"Home\",\"item\":\"https:\\\/\\\/worldcolorstudio.com\\\/\"},{\"@type\":\"ListItem\",\"position\":2,\"name\":\"About\"}]},{\"@type\":\"WebSite\",\"@id\":\"https:\\\/\\\/worldcolorstudio.com\\\/#website\",\"url\":\"https:\\\/\\\/worldcolorstudio.com\\\/\",\"name\":\"World Color Studio 22\",\"description\":\"German &amp; European Film Production\",\"publisher\":{\"@id\":\"https:\\\/\\\/worldcolorstudio.com\\\/#organization\"},\"potentialAction\":[{\"@type\":\"SearchAction\",\"target\":{\"@type\":\"EntryPoint\",\"urlTemplate\":\"https:\\\/\\\/worldcolorstudio.com\\\/?s={search_term_string}\"},\"query-input\":{\"@type\":\"PropertyValueSpecification\",\"valueRequired\":true,\"valueName\":\"search_term_string\"}}],\"inLanguage\":\"de\"},{\"@type\":\"Organization\",\"@id\":\"https:\\\/\\\/worldcolorstudio.com\\\/#organization\",\"name\":\"World Color Studio 22\",\"url\":\"https:\\\/\\\/worldcolorstudio.com\\\/\",\"logo\":{\"@type\":\"ImageObject\",\"inLanguage\":\"de\",\"@id\":\"https:\\\/\\\/worldcolorstudio.com\\\/#\\\/schema\\\/logo\\\/image\\\/\",\"url\":\"https:\\\/\\\/worldcolorstudio.com\\\/wp-content\\\/uploads\\\/2017\\\/07\\\/world-color-studio-black-bg-logo-1-e1603438634898.png\",\"contentUrl\":\"https:\\\/\\\/worldcolorstudio.com\\\/wp-content\\\/uploads\\\/2017\\\/07\\\/world-color-studio-black-bg-logo-1-e1603438634898.png\",\"width\":1300,\"height\":1300,\"caption\":\"World Color Studio 22\"},\"image\":{\"@id\":\"https:\\\/\\\/worldcolorstudio.com\\\/#\\\/schema\\\/logo\\\/image\\\/\"},\"sameAs\":[\"https:\\\/\\\/www.facebook.com\\\/WorldColorStudio\\\/\"]}]}<\/script>\n<!-- \/ Yoast SEO plugin. -->","yoast_head_json":{"title":"\u00dcber","robots":{"index":"index","follow":"follow","max-snippet":"max-snippet:-1","max-image-preview":"max-image-preview:large","max-video-preview":"max-video-preview:-1"},"canonical":"https:\/\/worldcolorstudio.com\/de\/uber\/","og_locale":"de_DE","og_type":"article","og_title":"About","og_url":"https:\/\/worldcolorstudio.com\/de\/uber\/","og_site_name":"World Color Studio 22","article_publisher":"https:\/\/www.facebook.com\/WorldColorStudio\/","article_modified_time":"2026-01-26T06:22:34+00:00","twitter_misc":{"Gesch\u00e4tzte Lesezeit":"5\u00a0Minuten"},"schema":{"@context":"https:\/\/schema.org","@graph":[{"@type":"WebPage","@id":"https:\/\/worldcolorstudio.com\/about\/","url":"https:\/\/worldcolorstudio.com\/about\/","name":"\u00dcber","isPartOf":{"@id":"https:\/\/worldcolorstudio.com\/#website"},"datePublished":"2020-03-12T15:40:57+00:00","dateModified":"2026-01-26T06:22:34+00:00","breadcrumb":{"@id":"https:\/\/worldcolorstudio.com\/about\/#breadcrumb"},"inLanguage":"de","potentialAction":[{"@type":"ReadAction","target":["https:\/\/worldcolorstudio.com\/about\/"]}]},{"@type":"BreadcrumbList","@id":"https:\/\/worldcolorstudio.com\/about\/#breadcrumb","itemListElement":[{"@type":"ListItem","position":1,"name":"Home","item":"https:\/\/worldcolorstudio.com\/"},{"@type":"ListItem","position":2,"name":"About"}]},{"@type":"WebSite","@id":"https:\/\/worldcolorstudio.com\/#website","url":"https:\/\/worldcolorstudio.com\/","name":"World Color Studio 22","description":"Deutsche und europ\u00e4ische Filmproduktion","publisher":{"@id":"https:\/\/worldcolorstudio.com\/#organization"},"potentialAction":[{"@type":"SearchAction","target":{"@type":"EntryPoint","urlTemplate":"https:\/\/worldcolorstudio.com\/?s={search_term_string}"},"query-input":{"@type":"PropertyValueSpecification","valueRequired":true,"valueName":"search_term_string"}}],"inLanguage":"de"},{"@type":"Organization","@id":"https:\/\/worldcolorstudio.com\/#organization","name":"World Color Studio 22","url":"https:\/\/worldcolorstudio.com\/","logo":{"@type":"ImageObject","inLanguage":"de","@id":"https:\/\/worldcolorstudio.com\/#\/schema\/logo\/image\/","url":"https:\/\/worldcolorstudio.com\/wp-content\/uploads\/2017\/07\/world-color-studio-black-bg-logo-1-e1603438634898.png","contentUrl":"https:\/\/worldcolorstudio.com\/wp-content\/uploads\/2017\/07\/world-color-studio-black-bg-logo-1-e1603438634898.png","width":1300,"height":1300,"caption":"World Color Studio 22"},"image":{"@id":"https:\/\/worldcolorstudio.com\/#\/schema\/logo\/image\/"},"sameAs":["https:\/\/www.facebook.com\/WorldColorStudio\/"]}]}},"_links":{"self":[{"href":"https:\/\/worldcolorstudio.com\/de\/wp-json\/wp\/v2\/pages\/941","targetHints":{"allow":["GET"]}}],"collection":[{"href":"https:\/\/worldcolorstudio.com\/de\/wp-json\/wp\/v2\/pages"}],"about":[{"href":"https:\/\/worldcolorstudio.com\/de\/wp-json\/wp\/v2\/types\/page"}],"author":[{"embeddable":true,"href":"https:\/\/worldcolorstudio.com\/de\/wp-json\/wp\/v2\/users\/1"}],"replies":[{"embeddable":true,"href":"https:\/\/worldcolorstudio.com\/de\/wp-json\/wp\/v2\/comments?post=941"}],"version-history":[{"count":18,"href":"https:\/\/worldcolorstudio.com\/de\/wp-json\/wp\/v2\/pages\/941\/revisions"}],"predecessor-version":[{"id":14796,"href":"https:\/\/worldcolorstudio.com\/de\/wp-json\/wp\/v2\/pages\/941\/revisions\/14796"}],"wp:attachment":[{"href":"https:\/\/worldcolorstudio.com\/de\/wp-json\/wp\/v2\/media?parent=941"}],"curies":[{"name":"wp","href":"https:\/\/api.w.org\/{rel}","templated":true}]}}