{"id":8339,"date":"2015-07-19T16:07:17","date_gmt":"2015-07-19T16:07:17","guid":{"rendered":"https:\/\/worldcolorstudio.com\/?page_id=8339"},"modified":"2023-06-22T09:11:54","modified_gmt":"2023-06-22T09:11:54","slug":"agentur-fur-film-und-musikmedienproduktion","status":"publish","type":"page","link":"https:\/\/worldcolorstudio.com\/de\/film-and-music-media-production-agency\/","title":{"rendered":"World Color Studio"},"content":{"rendered":"<p>[vc_row][vc_column][mk_image src=&#8221;https:\/\/worldcolorstudio.com\/wp-content\/uploads\/111.jpg&#8221; image_size=&#8221;large&#8221;][\/vc_column][vc_column][mk_padding_divider][\/vc_column][\/vc_row][vc_row][vc_column][vc_column_text css=&#8221;.vc_custom_1687425111704{margin-bottom: 0px !important;}&#8221;]<\/p>\n<p style=\"text-align: center;\">\u00a0World Color Studio is a\u00a0 film production company. Our commitment to diversity and inclusion on and off the screen is unwavering \u2013 across all of our work.<br \/>\nWe work with producers, directors and filmmakers in servicing and creative co-producing capacities. We are passionate about utilising our global perspectives and worldly experiences to create rich, diverse films from different cultural and socioeconomic backgrounds.<\/p>\n<p><img decoding=\"async\" class=\"lazyload  wp-image-11682 aligncenter\" src=\"https:\/\/worldcolorstudio.com\/wp-content\/uploads\/wcs-buisness-card-front-v2-895x600.png\" data-orig-src=\"https:\/\/worldcolorstudio.com\/wp-content\/uploads\/wcs-buisness-card-front-v2-895x600.png\" alt=\"\" width=\"204\" height=\"137\" srcset=\"data:image\/svg+xml,%3Csvg%20xmlns%3D%27http%3A%2F%2Fwww.w3.org%2F2000%2Fsvg%27%20width%3D%27204%27%20height%3D%27137%27%20viewBox%3D%270%200%20204%20137%27%3E%3Crect%20width%3D%27204%27%20height%3D%27137%27%20fill-opacity%3D%220%22%2F%3E%3C%2Fsvg%3E\" data-srcset=\"https:\/\/worldcolorstudio.com\/wp-content\/uploads\/wcs-buisness-card-front-v2-300x201.png 300w, https:\/\/worldcolorstudio.com\/wp-content\/uploads\/wcs-buisness-card-front-v2-400x268.png 400w, https:\/\/worldcolorstudio.com\/wp-content\/uploads\/wcs-buisness-card-front-v2-600x402.png 600w, https:\/\/worldcolorstudio.com\/wp-content\/uploads\/wcs-buisness-card-front-v2-768x515.png 768w, https:\/\/worldcolorstudio.com\/wp-content\/uploads\/wcs-buisness-card-front-v2-895x600.png 895w, https:\/\/worldcolorstudio.com\/wp-content\/uploads\/wcs-buisness-card-front-v2-1536x1030.png 1536w\" data-sizes=\"auto\" data-orig-sizes=\"(max-width: 204px) 100vw, 204px\" \/>[\/vc_column_text][\/vc_column][vc_column][\/vc_column][\/vc_row][vc_row fullwidth=&#8221;true&#8221; fullwidth_content=&#8221;false&#8221; css=&#8221;.vc_custom_1608409398914{margin-top: 0px !important;background-position: center !important;background-repeat: no-repeat !important;background-size: cover !important;}&#8221;][vc_column css=&#8221;.vc_custom_1608323630396{padding-top: 0px !important;padding-bottom: 100px !important;}&#8221;][vc_video max_width=&#8221;1000&#8243; host=&#8221;self_hosted&#8221; mp4=&#8221;https:\/\/worldcolorstudio.com\/wp-content\/uploads\/2019\/08\/home_trailer-1720.mp4&#8243; poster_image=&#8221;https:\/\/worldcolorstudio.com\/wp-content\/uploads\/2020\/04\/screenshot-218.png&#8221; aspect_ratio=&#8221;true&#8221;][\/vc_column][\/vc_row]<\/p>\n","protected":false},"excerpt":{"rendered":"<p>[vc_row][vc_column][mk_image src=&#8221;https:\/\/worldcolorstudio.com\/wp-content\/uploads\/111.jpg&#8221; image_size=&#8221;large&#8221;][\/vc_column][vc_column][mk_padding_divider][\/vc_column][\/vc_row][vc_row][vc_column][vc_column_text css=&#8221;.vc_custom_1687425111704{margin-bottom: 0px !important;}&#8221;] \u00a0World Color Studio is &#8230;<\/p>\n","protected":false},"author":2,"featured_media":0,"parent":0,"menu_order":11,"comment_status":"closed","ping_status":"closed","template":"","meta":{"footnotes":""},"class_list":["post-8339","page","type-page","status-publish","hentry"],"yoast_head":"<!-- This site is optimized with the Yoast SEO plugin v27.4 - https:\/\/yoast.com\/product\/yoast-seo-wordpress\/ -->\n<title>World Color Studio<\/title>\n<meta name=\"description\" content=\"Worldcolorstudio is a film and music media production agency providing an array of services. Based in Berlin, Germany, the organization has a global reach and enables your scripts, music and digital media production needs to come to life. We provide: documentary shooting and production, filming, editing, directing, photography services and more.\" \/>\n<meta name=\"robots\" content=\"index, follow, max-snippet:-1, max-image-preview:large, max-video-preview:-1\" \/>\n<link rel=\"canonical\" href=\"https:\/\/worldcolorstudio.com\/de\/agentur-fur-film-und-musikmedienproduktion\/\" \/>\n<meta property=\"og:locale\" content=\"de_DE\" \/>\n<meta property=\"og:type\" content=\"article\" \/>\n<meta property=\"og:title\" content=\"World Color Studio\" \/>\n<meta property=\"og:description\" content=\"Worldcolorstudio is a film and music media production agency providing an array of services. Based in Berlin, Germany, the organization has a global reach and enables your scripts, music and digital media production needs to come to life. We provide: documentary shooting and production, filming, editing, directing, photography services and more.\" \/>\n<meta property=\"og:url\" content=\"https:\/\/worldcolorstudio.com\/de\/agentur-fur-film-und-musikmedienproduktion\/\" \/>\n<meta property=\"og:site_name\" content=\"World Color Studio 22\" \/>\n<meta property=\"article:publisher\" content=\"https:\/\/www.facebook.com\/WorldColorStudio\/\" \/>\n<meta property=\"article:modified_time\" content=\"2023-06-22T09:11:54+00:00\" \/>\n<meta property=\"og:image\" content=\"https:\/\/worldcolorstudio.com\/wp-content\/uploads\/wcs-buisness-card-front-v2-895x600.png\" \/>\n<meta name=\"twitter:label1\" content=\"Gesch\u00e4tzte Lesezeit\" \/>\n\t<meta name=\"twitter:data1\" content=\"1\u00a0Minute\" \/>\n<script type=\"application\/ld+json\" class=\"yoast-schema-graph\">{\"@context\":\"https:\\\/\\\/schema.org\",\"@graph\":[{\"@type\":\"WebPage\",\"@id\":\"https:\\\/\\\/worldcolorstudio.com\\\/film-and-music-media-production-agency\\\/\",\"url\":\"https:\\\/\\\/worldcolorstudio.com\\\/film-and-music-media-production-agency\\\/\",\"name\":\"World Color Studio\",\"isPartOf\":{\"@id\":\"https:\\\/\\\/worldcolorstudio.com\\\/#website\"},\"primaryImageOfPage\":{\"@id\":\"https:\\\/\\\/worldcolorstudio.com\\\/film-and-music-media-production-agency\\\/#primaryimage\"},\"image\":{\"@id\":\"https:\\\/\\\/worldcolorstudio.com\\\/film-and-music-media-production-agency\\\/#primaryimage\"},\"thumbnailUrl\":\"https:\\\/\\\/worldcolorstudio.com\\\/wp-content\\\/uploads\\\/wcs-buisness-card-front-v2-895x600.png\",\"datePublished\":\"2015-07-19T16:07:17+00:00\",\"dateModified\":\"2023-06-22T09:11:54+00:00\",\"description\":\"Worldcolorstudio is a film and music media production agency providing an array of services. Based in Berlin, Germany, the organization has a global reach and enables your scripts, music and digital media production needs to come to life. We provide: documentary shooting and production, filming, editing, directing, photography services and more.\",\"breadcrumb\":{\"@id\":\"https:\\\/\\\/worldcolorstudio.com\\\/film-and-music-media-production-agency\\\/#breadcrumb\"},\"inLanguage\":\"de\",\"potentialAction\":[{\"@type\":\"ReadAction\",\"target\":[\"https:\\\/\\\/worldcolorstudio.com\\\/film-and-music-media-production-agency\\\/\"]}]},{\"@type\":\"ImageObject\",\"inLanguage\":\"de\",\"@id\":\"https:\\\/\\\/worldcolorstudio.com\\\/film-and-music-media-production-agency\\\/#primaryimage\",\"url\":\"https:\\\/\\\/worldcolorstudio.com\\\/wp-content\\\/uploads\\\/wcs-buisness-card-front-v2-895x600.png\",\"contentUrl\":\"https:\\\/\\\/worldcolorstudio.com\\\/wp-content\\\/uploads\\\/wcs-buisness-card-front-v2-895x600.png\"},{\"@type\":\"BreadcrumbList\",\"@id\":\"https:\\\/\\\/worldcolorstudio.com\\\/film-and-music-media-production-agency\\\/#breadcrumb\",\"itemListElement\":[{\"@type\":\"ListItem\",\"position\":1,\"name\":\"Home\",\"item\":\"https:\\\/\\\/worldcolorstudio.com\\\/\"},{\"@type\":\"ListItem\",\"position\":2,\"name\":\"World Color Studio\"}]},{\"@type\":\"WebSite\",\"@id\":\"https:\\\/\\\/worldcolorstudio.com\\\/#website\",\"url\":\"https:\\\/\\\/worldcolorstudio.com\\\/\",\"name\":\"World Color Studio 22\",\"description\":\"German &amp; European Film Production\",\"publisher\":{\"@id\":\"https:\\\/\\\/worldcolorstudio.com\\\/#organization\"},\"potentialAction\":[{\"@type\":\"SearchAction\",\"target\":{\"@type\":\"EntryPoint\",\"urlTemplate\":\"https:\\\/\\\/worldcolorstudio.com\\\/?s={search_term_string}\"},\"query-input\":{\"@type\":\"PropertyValueSpecification\",\"valueRequired\":true,\"valueName\":\"search_term_string\"}}],\"inLanguage\":\"de\"},{\"@type\":\"Organization\",\"@id\":\"https:\\\/\\\/worldcolorstudio.com\\\/#organization\",\"name\":\"World Color Studio 22\",\"url\":\"https:\\\/\\\/worldcolorstudio.com\\\/\",\"logo\":{\"@type\":\"ImageObject\",\"inLanguage\":\"de\",\"@id\":\"https:\\\/\\\/worldcolorstudio.com\\\/#\\\/schema\\\/logo\\\/image\\\/\",\"url\":\"https:\\\/\\\/worldcolorstudio.com\\\/wp-content\\\/uploads\\\/2017\\\/07\\\/world-color-studio-black-bg-logo-1-e1603438634898.png\",\"contentUrl\":\"https:\\\/\\\/worldcolorstudio.com\\\/wp-content\\\/uploads\\\/2017\\\/07\\\/world-color-studio-black-bg-logo-1-e1603438634898.png\",\"width\":1300,\"height\":1300,\"caption\":\"World Color Studio 22\"},\"image\":{\"@id\":\"https:\\\/\\\/worldcolorstudio.com\\\/#\\\/schema\\\/logo\\\/image\\\/\"},\"sameAs\":[\"https:\\\/\\\/www.facebook.com\\\/WorldColorStudio\\\/\"]}]}<\/script>\n<!-- \/ Yoast SEO plugin. -->","yoast_head_json":{"title":"World Color Studio","description":"Worldcolorstudio ist eine Agentur f\u00fcr Film- und Musikproduktion, die eine Reihe von Dienstleistungen anbietet. Das Unternehmen mit Sitz in Berlin hat eine globale Reichweite und erm\u00f6glicht es dir, deine W\u00fcnsche in Bezug auf Drehb\u00fccher, Musik und digitale Medienproduktion zu verwirklichen. Wir bieten: Dreharbeiten und Produktion von Dokumentarfilmen, Filmaufnahmen, Schnitt, Regie, Fotografie und vieles mehr.","robots":{"index":"index","follow":"follow","max-snippet":"max-snippet:-1","max-image-preview":"max-image-preview:large","max-video-preview":"max-video-preview:-1"},"canonical":"https:\/\/worldcolorstudio.com\/de\/agentur-fur-film-und-musikmedienproduktion\/","og_locale":"de_DE","og_type":"article","og_title":"World Color Studio","og_description":"Worldcolorstudio is a film and music media production agency providing an array of services. Based in Berlin, Germany, the organization has a global reach and enables your scripts, music and digital media production needs to come to life. We provide: documentary shooting and production, filming, editing, directing, photography services and more.","og_url":"https:\/\/worldcolorstudio.com\/de\/agentur-fur-film-und-musikmedienproduktion\/","og_site_name":"World Color Studio 22","article_publisher":"https:\/\/www.facebook.com\/WorldColorStudio\/","article_modified_time":"2023-06-22T09:11:54+00:00","og_image":[{"url":"https:\/\/worldcolorstudio.com\/wp-content\/uploads\/wcs-buisness-card-front-v2-895x600.png","type":"","width":"","height":""}],"twitter_misc":{"Gesch\u00e4tzte Lesezeit":"1\u00a0Minute"},"schema":{"@context":"https:\/\/schema.org","@graph":[{"@type":"WebPage","@id":"https:\/\/worldcolorstudio.com\/film-and-music-media-production-agency\/","url":"https:\/\/worldcolorstudio.com\/film-and-music-media-production-agency\/","name":"World Color Studio","isPartOf":{"@id":"https:\/\/worldcolorstudio.com\/#website"},"primaryImageOfPage":{"@id":"https:\/\/worldcolorstudio.com\/film-and-music-media-production-agency\/#primaryimage"},"image":{"@id":"https:\/\/worldcolorstudio.com\/film-and-music-media-production-agency\/#primaryimage"},"thumbnailUrl":"https:\/\/worldcolorstudio.com\/wp-content\/uploads\/wcs-buisness-card-front-v2-895x600.png","datePublished":"2015-07-19T16:07:17+00:00","dateModified":"2023-06-22T09:11:54+00:00","description":"Worldcolorstudio ist eine Agentur f\u00fcr Film- und Musikproduktion, die eine Reihe von Dienstleistungen anbietet. Das Unternehmen mit Sitz in Berlin hat eine globale Reichweite und erm\u00f6glicht es dir, deine W\u00fcnsche in Bezug auf Drehb\u00fccher, Musik und digitale Medienproduktion zu verwirklichen. Wir bieten: Dreharbeiten und Produktion von Dokumentarfilmen, Filmaufnahmen, Schnitt, Regie, Fotografie und vieles mehr.","breadcrumb":{"@id":"https:\/\/worldcolorstudio.com\/film-and-music-media-production-agency\/#breadcrumb"},"inLanguage":"de","potentialAction":[{"@type":"ReadAction","target":["https:\/\/worldcolorstudio.com\/film-and-music-media-production-agency\/"]}]},{"@type":"ImageObject","inLanguage":"de","@id":"https:\/\/worldcolorstudio.com\/film-and-music-media-production-agency\/#primaryimage","url":"https:\/\/worldcolorstudio.com\/wp-content\/uploads\/wcs-buisness-card-front-v2-895x600.png","contentUrl":"https:\/\/worldcolorstudio.com\/wp-content\/uploads\/wcs-buisness-card-front-v2-895x600.png"},{"@type":"BreadcrumbList","@id":"https:\/\/worldcolorstudio.com\/film-and-music-media-production-agency\/#breadcrumb","itemListElement":[{"@type":"ListItem","position":1,"name":"Home","item":"https:\/\/worldcolorstudio.com\/"},{"@type":"ListItem","position":2,"name":"World Color Studio"}]},{"@type":"WebSite","@id":"https:\/\/worldcolorstudio.com\/#website","url":"https:\/\/worldcolorstudio.com\/","name":"World Color Studio 22","description":"Deutsche und europ\u00e4ische Filmproduktion","publisher":{"@id":"https:\/\/worldcolorstudio.com\/#organization"},"potentialAction":[{"@type":"SearchAction","target":{"@type":"EntryPoint","urlTemplate":"https:\/\/worldcolorstudio.com\/?s={search_term_string}"},"query-input":{"@type":"PropertyValueSpecification","valueRequired":true,"valueName":"search_term_string"}}],"inLanguage":"de"},{"@type":"Organization","@id":"https:\/\/worldcolorstudio.com\/#organization","name":"World Color Studio 22","url":"https:\/\/worldcolorstudio.com\/","logo":{"@type":"ImageObject","inLanguage":"de","@id":"https:\/\/worldcolorstudio.com\/#\/schema\/logo\/image\/","url":"https:\/\/worldcolorstudio.com\/wp-content\/uploads\/2017\/07\/world-color-studio-black-bg-logo-1-e1603438634898.png","contentUrl":"https:\/\/worldcolorstudio.com\/wp-content\/uploads\/2017\/07\/world-color-studio-black-bg-logo-1-e1603438634898.png","width":1300,"height":1300,"caption":"World Color Studio 22"},"image":{"@id":"https:\/\/worldcolorstudio.com\/#\/schema\/logo\/image\/"},"sameAs":["https:\/\/www.facebook.com\/WorldColorStudio\/"]}]}},"_links":{"self":[{"href":"https:\/\/worldcolorstudio.com\/de\/wp-json\/wp\/v2\/pages\/8339","targetHints":{"allow":["GET"]}}],"collection":[{"href":"https:\/\/worldcolorstudio.com\/de\/wp-json\/wp\/v2\/pages"}],"about":[{"href":"https:\/\/worldcolorstudio.com\/de\/wp-json\/wp\/v2\/types\/page"}],"author":[{"embeddable":true,"href":"https:\/\/worldcolorstudio.com\/de\/wp-json\/wp\/v2\/users\/2"}],"replies":[{"embeddable":true,"href":"https:\/\/worldcolorstudio.com\/de\/wp-json\/wp\/v2\/comments?post=8339"}],"version-history":[{"count":211,"href":"https:\/\/worldcolorstudio.com\/de\/wp-json\/wp\/v2\/pages\/8339\/revisions"}],"predecessor-version":[{"id":12037,"href":"https:\/\/worldcolorstudio.com\/de\/wp-json\/wp\/v2\/pages\/8339\/revisions\/12037"}],"wp:attachment":[{"href":"https:\/\/worldcolorstudio.com\/de\/wp-json\/wp\/v2\/media?parent=8339"}],"curies":[{"name":"wp","href":"https:\/\/api.w.org\/{rel}","templated":true}]}}