{"id":816,"date":"2020-03-12T13:22:03","date_gmt":"2020-03-12T13:22:03","guid":{"rendered":"https:\/\/worldcolorstudio.com\/?page_id=816"},"modified":"2026-01-26T05:19:35","modified_gmt":"2026-01-26T05:19:35","slug":"dienstleistungen","status":"publish","type":"page","link":"https:\/\/worldcolorstudio.com\/de\/services\/","title":{"rendered":"Dienstleistungen"},"content":{"rendered":"<div class=\"fusion-fullwidth fullwidth-box fusion-builder-row-1 fusion-flex-container has-pattern-background has-mask-background nonhundred-percent-fullwidth non-hundred-percent-height-scrolling multi_box_wrap\" style=\"--awb-border-radius-top-left:0px;--awb-border-radius-top-right:0px;--awb-border-radius-bottom-right:0px;--awb-border-radius-bottom-left:0px;--awb-padding-right-medium:20px;--awb-padding-left-medium:20px;--awb-padding-right-small:20px;--awb-padding-left-small:20px;--awb-margin-bottom:4%;--awb-background-color:var(--awb-color8);--awb-flex-wrap:wrap;--awb-flex-wrap-small:wrap;\" ><div class=\"fusion-builder-row fusion-row fusion-flex-align-items-stretch fusion-flex-content-wrap\" style=\"max-width:1404px;margin-left: calc(-4% \/ 2 );margin-right: calc(-4% \/ 2 );\"><div class=\"fusion-layout-column fusion_builder_column fusion-builder-column-0 fusion_builder_column_1_2 1_2 fusion-flex-column fusion-column-inner-bg-wrapper fusion-animated\" style=\"--awb-padding-top:10%;--awb-padding-right:10%;--awb-padding-bottom:10%;--awb-padding-left:10%;--awb-padding-top-medium:20px;--awb-padding-right-medium:20px;--awb-padding-bottom-medium:20px;--awb-padding-left-medium:20px;--awb-padding-top-small:20px;--awb-padding-right-small:20px;--awb-padding-bottom-small:20px;--awb-padding-left-small:20px;--awb-inner-bg-image:linear-gradient(180deg, hsla(var(--awb-color8-h),var(--awb-color8-s),var(--awb-color8-l),calc( var(--awb-color8-a) - 30% )) 0%,var(--awb-color8) 75%);;--awb-inner-bg-position:center center;--awb-inner-bg-size:cover;--awb-width-large:50%;--awb-margin-top-large:0px;--awb-spacing-right-large:5.76%;--awb-margin-bottom-large:0%;--awb-spacing-left-large:3.84%;--awb-width-medium:100%;--awb-order-medium:0;--awb-spacing-right-medium:1.92%;--awb-spacing-left-medium:1.92%;--awb-width-small:100%;--awb-order-small:0;--awb-spacing-right-small:1.92%;--awb-spacing-left-small:1.92%;\" data-animationtype=\"fadeInUp\" data-animationduration=\"1.0\" data-animationoffset=\"top-into-view\" data-scroll-devices=\"small-visibility,medium-visibility,large-visibility\"><span class=\"fusion-column-inner-bg hover-type-zoomin\"><a class=\"fusion-column-anchor\" href=\"https:\/\/worldcolorstudio.com\/de\/berlin-film-location-scouting\/\"><span class=\"fusion-column-inner-bg-image lazyload\" data-bg=\"https:\/\/worldcolorstudio.com\/wp-content\/uploads\/51770767102_43905a15bc_o.jpg\" data-bg-gradient=\"linear-gradient(180deg, hsla(var(--awb-color8-h),var(--awb-color8-s),var(--awb-color8-l),calc( var(--awb-color8-a) - 30% )) 0%,var(--awb-color8) 75%)\"><\/span><\/a><\/span><div class=\"fusion-column-wrapper fusion-column-has-shadow fusion-flex-justify-content-flex-start fusion-content-layout-column fusion-column-has-bg-image\" data-bg-url=\"https:\/\/worldcolorstudio.com\/wp-content\/uploads\/51770767102_43905a15bc_o.jpg\"><div class=\"fusion-title title fusion-title-1 fusion-sep-none fusion-title-center fusion-title-text fusion-title-size-two\" style=\"--awb-text-color:#efeae0;--awb-margin-bottom:2%;--awb-margin-top-small:10px;--awb-margin-right-small:0px;--awb-margin-bottom-small:10px;--awb-margin-left-small:0px;\"><h2 class=\"fusion-title-heading title-heading-center fusion-responsive-typography-calculated\" style=\"margin:0;--fontSize:44;line-height:var(--awb-typography1-line-height);\">LOCATION Scouting und Genehmigungsantr\u00e4ge<\/h2><\/div><div class=\"fusion-separator fusion-full-width-sep\" style=\"align-self: center;margin-left: auto;margin-right: auto;margin-top:8%;margin-bottom:8%;width:100%;\"><div class=\"fusion-separator-border sep-single sep-solid\" style=\"--awb-height:20px;--awb-amount:20px;border-color:hsla(var(--awb-color2-h),var(--awb-color2-s),var(--awb-color2-l),calc( var(--awb-color2-a) - 90% ));border-top-width:1px;\"><\/div><\/div><div class=\"fusion-text fusion-text-1\"><p style=\"text-align: center;\">Mit dem Fachwissen unseres internationalen Teams und unseren umfassenden Filmdienstleistungen helfen wir dir, die perfekten Drehorte in dieser Stadt zu entdecken und zu finden.<\/p>\n<p style=\"text-align: center;\">Egal, ob es sich um eine gesch\u00e4ftige Stadt, einen ruhigen See oder einen malerischen See handelt, wir vereinfachen die Standortsuche und den Genehmigungsprozess und sorgen daf\u00fcr, dass deine Vision nahtlos in die Realit\u00e4t umgesetzt wird.<\/p>\n<\/div><div style=\"text-align:center;\"><a class=\"fusion-button button-flat fusion-button-default-size button-default fusion-button-default button-1 fusion-button-default-span fusion-button-default-type\" target=\"_self\"><span class=\"fusion-button-text awb-button__text awb-button__text--default\">Standort-Dienste<\/span><\/a><\/div><\/div><\/div><div class=\"fusion-layout-column fusion_builder_column fusion-builder-column-1 fusion_builder_column_1_2 1_2 fusion-flex-column fusion-column-inner-bg-wrapper fusion-animated\" style=\"--awb-padding-top:10%;--awb-padding-right:10%;--awb-padding-bottom:10%;--awb-padding-left:10%;--awb-padding-top-medium:20px;--awb-padding-right-medium:20px;--awb-padding-bottom-medium:20px;--awb-padding-left-medium:20px;--awb-padding-top-small:20px;--awb-padding-right-small:20px;--awb-padding-bottom-small:20px;--awb-padding-left-small:20px;--awb-inner-bg-image:linear-gradient(180deg, hsla(var(--awb-color8-h),var(--awb-color8-s),var(--awb-color8-l),calc( var(--awb-color8-a) - 30% )) 0%,var(--awb-color8) 75%);;--awb-inner-bg-position:center center;--awb-inner-bg-size:cover;--awb-width-large:50%;--awb-margin-top-large:0px;--awb-spacing-right-large:3.84%;--awb-margin-bottom-large:0%;--awb-spacing-left-large:5.76%;--awb-width-medium:100%;--awb-order-medium:0;--awb-spacing-right-medium:1.92%;--awb-spacing-left-medium:1.92%;--awb-width-small:100%;--awb-order-small:0;--awb-spacing-right-small:1.92%;--awb-spacing-left-small:1.92%;\" data-animationtype=\"fadeInUp\" data-animationduration=\"1.0\" data-animationoffset=\"top-into-view\" data-scroll-devices=\"small-visibility,medium-visibility,large-visibility\"><span class=\"fusion-column-inner-bg hover-type-zoomin\"><span class=\"fusion-column-anchor\"><span class=\"fusion-column-inner-bg-image lazyload\" data-bg=\"https:\/\/worldcolorstudio.com\/wp-content\/uploads\/shutterstock_548957242-1.jpg\" data-bg-gradient=\"linear-gradient(180deg, hsla(var(--awb-color8-h),var(--awb-color8-s),var(--awb-color8-l),calc( var(--awb-color8-a) - 30% )) 0%,var(--awb-color8) 75%)\"><\/span><\/span><\/span><div class=\"fusion-column-wrapper fusion-column-has-shadow fusion-flex-justify-content-flex-start fusion-content-layout-column fusion-column-has-bg-image\" data-bg-url=\"https:\/\/worldcolorstudio.com\/wp-content\/uploads\/shutterstock_548957242-1.jpg\"><div class=\"fusion-title title fusion-title-2 fusion-sep-none fusion-title-center fusion-title-text fusion-title-size-two\" style=\"--awb-text-color:#efeae0;--awb-margin-bottom:2%;--awb-margin-top-small:10px;--awb-margin-right-small:0px;--awb-margin-bottom-small:10px;--awb-margin-left-small:0px;\"><h2 class=\"fusion-title-heading title-heading-center fusion-responsive-typography-calculated\" style=\"margin:0;--fontSize:44;line-height:var(--awb-typography1-line-height);\">PRODUKTIONSDIENSTLEISTUNGEN<\/h2><\/div><div class=\"fusion-separator fusion-full-width-sep\" style=\"align-self: center;margin-left: auto;margin-right: auto;margin-top:8%;margin-bottom:8%;width:100%;\"><div class=\"fusion-separator-border sep-single sep-solid\" style=\"--awb-height:20px;--awb-amount:20px;border-color:hsla(var(--awb-color2-h),var(--awb-color2-s),var(--awb-color2-l),calc( var(--awb-color2-a) - 90% ));border-top-width:1px;\"><\/div><\/div><div class=\"fusion-text fusion-text-2\"><p style=\"text-align: center;\"><span style=\"color: var(--awb-text-color); font-family: var(--awb-text-font-family); font-size: var(--awb-font-size); font-style: var(--awb-text-font-style); font-weight: var(--awb-text-font-weight); letter-spacing: var(--awb-letter-spacing); text-align: var(--awb-content-alignment); text-transform: var(--awb-text-transform); background-color: var(--awb-bg-color-hover);\">Wir arbeiten mit einer Gruppe international erfahrener Drehbuchautoren, Kameraleute, Redakteure, Regisseure und Art-Direktoren zusammen, von denen jeder ein Spezialist auf seinem Gebiet ist. Wir bieten Filmdienstleistungen f\u00fcr Spielfilme, Dokumentarfilme und Fernsehserien an. <\/span><\/p>\n<\/div><div class=\"fusion-separator fusion-full-width-sep\" style=\"align-self: center;margin-left: auto;margin-right: auto;margin-bottom:5%;width:100%;\"><\/div><\/div><\/div><div class=\"fusion-layout-column fusion_builder_column fusion-builder-column-2 fusion_builder_column_1_2 1_2 fusion-flex-column fusion-column-inner-bg-wrapper fusion-animated\" style=\"--awb-padding-top:10%;--awb-padding-right:10%;--awb-padding-bottom:10%;--awb-padding-left:10%;--awb-padding-top-medium:20px;--awb-padding-right-medium:20px;--awb-padding-bottom-medium:20px;--awb-padding-left-medium:20px;--awb-padding-top-small:20px;--awb-padding-right-small:20px;--awb-padding-bottom-small:20px;--awb-padding-left-small:20px;--awb-inner-bg-image:linear-gradient(180deg, hsla(var(--awb-color8-h),var(--awb-color8-s),var(--awb-color8-l),calc( var(--awb-color8-a) - 30% )) 0%,var(--awb-color8) 75%);;--awb-inner-bg-position:center center;--awb-inner-bg-size:cover;--awb-width-large:50%;--awb-margin-top-large:0px;--awb-spacing-right-large:5.76%;--awb-margin-bottom-large:2%;--awb-spacing-left-large:3.84%;--awb-width-medium:100%;--awb-order-medium:0;--awb-spacing-right-medium:1.92%;--awb-spacing-left-medium:1.92%;--awb-width-small:100%;--awb-order-small:0;--awb-spacing-right-small:1.92%;--awb-spacing-left-small:1.92%;\" data-animationtype=\"fadeInUp\" data-animationduration=\"1.0\" data-animationoffset=\"top-into-view\" data-scroll-devices=\"small-visibility,medium-visibility,large-visibility\"><span class=\"fusion-column-inner-bg hover-type-zoomin\"><span class=\"fusion-column-anchor\"><span class=\"fusion-column-inner-bg-image lazyload\" data-bg=\"https:\/\/worldcolorstudio.com\/wp-content\/uploads\/269411272-1.jpg\" data-bg-gradient=\"linear-gradient(180deg, hsla(var(--awb-color8-h),var(--awb-color8-s),var(--awb-color8-l),calc( var(--awb-color8-a) - 30% )) 0%,var(--awb-color8) 75%)\"><\/span><\/span><\/span><div class=\"fusion-column-wrapper fusion-column-has-shadow fusion-flex-justify-content-flex-start fusion-content-layout-column fusion-column-has-bg-image\" data-bg-url=\"https:\/\/worldcolorstudio.com\/wp-content\/uploads\/269411272-1.jpg\"><div class=\"fusion-title title fusion-title-3 fusion-sep-none fusion-title-center fusion-title-text fusion-title-size-two\" style=\"--awb-text-color:#efeae0;--awb-margin-bottom:2%;--awb-margin-top-small:10px;--awb-margin-right-small:0px;--awb-margin-bottom-small:10px;--awb-margin-left-small:0px;\"><h2 class=\"fusion-title-heading title-heading-center fusion-responsive-typography-calculated\" style=\"margin:0;--fontSize:44;line-height:var(--awb-typography1-line-height);\">CAST &amp; CREW Unterkunft<\/h2><\/div><div class=\"fusion-separator fusion-full-width-sep\" style=\"align-self: center;margin-left: auto;margin-right: auto;margin-top:8%;margin-bottom:8%;width:100%;\"><div class=\"fusion-separator-border sep-single sep-solid\" style=\"--awb-height:20px;--awb-amount:20px;border-color:hsla(var(--awb-color2-h),var(--awb-color2-s),var(--awb-color2-l),calc( var(--awb-color2-a) - 90% ));border-top-width:1px;\"><\/div><\/div><div class=\"fusion-text fusion-text-3\"><p style=\"text-align: center;\">Wir bieten \u00dcbernachtungsm\u00f6glichkeiten f\u00fcr jede Produktion. Berlin hat ein fantastisches Angebot an hochwertigen, g\u00fcnstigen, sauberen und kreativen Unterk\u00fcnften.<\/p>\n<\/div><div class=\"fusion-separator fusion-full-width-sep\" style=\"align-self: center;margin-left: auto;margin-right: auto;margin-bottom:5%;width:100%;\"><\/div><\/div><\/div><div class=\"fusion-layout-column fusion_builder_column fusion-builder-column-3 fusion_builder_column_1_2 1_2 fusion-flex-column fusion-column-inner-bg-wrapper fusion-animated\" style=\"--awb-padding-top:10%;--awb-padding-right:10%;--awb-padding-bottom:10%;--awb-padding-left:10%;--awb-padding-top-medium:20px;--awb-padding-right-medium:20px;--awb-padding-bottom-medium:20px;--awb-padding-left-medium:20px;--awb-padding-top-small:20px;--awb-padding-right-small:20px;--awb-padding-bottom-small:20px;--awb-padding-left-small:20px;--awb-inner-bg-image:linear-gradient(180deg, hsla(var(--awb-color8-h),var(--awb-color8-s),var(--awb-color8-l),calc( var(--awb-color8-a) - 30% )) 0%,var(--awb-color8) 75%);;--awb-inner-bg-position:center center;--awb-inner-bg-size:cover;--awb-width-large:50%;--awb-margin-top-large:0px;--awb-spacing-right-large:3.84%;--awb-margin-bottom-large:2%;--awb-spacing-left-large:5.76%;--awb-width-medium:100%;--awb-order-medium:0;--awb-spacing-right-medium:1.92%;--awb-spacing-left-medium:1.92%;--awb-width-small:100%;--awb-order-small:0;--awb-spacing-right-small:1.92%;--awb-spacing-left-small:1.92%;\" data-animationtype=\"fadeInUp\" data-animationduration=\"1.0\" data-animationoffset=\"top-into-view\" data-scroll-devices=\"small-visibility,medium-visibility,large-visibility\"><span class=\"fusion-column-inner-bg hover-type-zoomin\"><a class=\"fusion-column-anchor\" href=\"https:\/\/worldcolorstudio.com\/de\/berlin-film-catering\/\"><span class=\"fusion-column-inner-bg-image lazyload\" data-bg=\"https:\/\/worldcolorstudio.com\/wp-content\/uploads\/spreekuche-weihnachtsfeier038-400x400-1.jpg\" data-bg-gradient=\"linear-gradient(180deg, hsla(var(--awb-color8-h),var(--awb-color8-s),var(--awb-color8-l),calc( var(--awb-color8-a) - 30% )) 0%,var(--awb-color8) 75%)\"><\/span><\/a><\/span><div class=\"fusion-column-wrapper fusion-column-has-shadow fusion-flex-justify-content-flex-start fusion-content-layout-column fusion-column-has-bg-image\" data-bg-url=\"https:\/\/worldcolorstudio.com\/wp-content\/uploads\/spreekuche-weihnachtsfeier038-400x400-1.jpg\"><div class=\"fusion-title title fusion-title-4 fusion-sep-none fusion-title-center fusion-title-text fusion-title-size-two\" style=\"--awb-text-color:#efeae0;--awb-margin-bottom:2%;--awb-margin-top-small:10px;--awb-margin-right-small:0px;--awb-margin-bottom-small:10px;--awb-margin-left-small:0px;\"><h2 class=\"fusion-title-heading title-heading-center fusion-responsive-typography-calculated\" style=\"margin:0;--fontSize:44;line-height:var(--awb-typography1-line-height);\">Film-Verpflegung<\/h2><\/div><div class=\"fusion-separator fusion-full-width-sep\" style=\"align-self: center;margin-left: auto;margin-right: auto;margin-top:8%;margin-bottom:8%;width:100%;\"><div class=\"fusion-separator-border sep-single sep-solid\" style=\"--awb-height:20px;--awb-amount:20px;border-color:hsla(var(--awb-color2-h),var(--awb-color2-s),var(--awb-color2-l),calc( var(--awb-color2-a) - 90% ));border-top-width:1px;\"><\/div><\/div><div class=\"fusion-text fusion-text-4\"><p style=\"text-align: center;\">Wir k\u00f6nnen k\u00f6stliches, frisches Catering anbieten, das auch vegane und vegetarische Gerichte aus vielen internationalen K\u00fcchen umfasst, die zu Ihrem Budget passen.  Die Versorgung von Cast und Crew mit hervorragendem Essen sorgt f\u00fcr einen reibungsloseren Dreh.<\/p>\n<\/div><div style=\"text-align:center;\"><a class=\"fusion-button button-flat fusion-button-default-size button-default fusion-button-default button-2 fusion-button-default-span fusion-button-default-type\" target=\"_self\"><span class=\"fusion-button-text awb-button__text awb-button__text--default\">Catering Dienstleistungen<\/span><\/a><\/div><div class=\"fusion-separator fusion-full-width-sep\" style=\"align-self: center;margin-left: auto;margin-right: auto;margin-bottom:5%;width:100%;\"><\/div><\/div><\/div><\/div><\/div>","protected":false},"excerpt":{"rendered":"","protected":false},"author":1,"featured_media":762,"parent":0,"menu_order":0,"comment_status":"closed","ping_status":"closed","template":"100-width.php","meta":{"footnotes":""},"class_list":["post-816","page","type-page","status-publish","has-post-thumbnail","hentry"],"yoast_head":"<!-- This site is optimized with the Yoast SEO plugin v27.4 - https:\/\/yoast.com\/product\/yoast-seo-wordpress\/ -->\n<title>Services<\/title>\n<meta name=\"robots\" content=\"index, follow, max-snippet:-1, max-image-preview:large, max-video-preview:-1\" \/>\n<link rel=\"canonical\" href=\"https:\/\/worldcolorstudio.com\/de\/dienstleistungen\/\" \/>\n<meta property=\"og:locale\" content=\"de_DE\" \/>\n<meta property=\"og:type\" content=\"article\" \/>\n<meta property=\"og:title\" content=\"Services\" \/>\n<meta property=\"og:url\" content=\"https:\/\/worldcolorstudio.com\/de\/dienstleistungen\/\" \/>\n<meta property=\"og:site_name\" content=\"World Color Studio 22\" \/>\n<meta property=\"article:publisher\" content=\"https:\/\/www.facebook.com\/WorldColorStudio\/\" \/>\n<meta property=\"article:modified_time\" content=\"2026-01-26T05:19:35+00:00\" \/>\n<meta property=\"og:image\" content=\"http:\/\/worldcolorstudio.com\/wp-content\/uploads\/banner-13-scaled-1.jpg\" \/>\n\t<meta property=\"og:image:width\" content=\"2560\" \/>\n\t<meta property=\"og:image:height\" content=\"699\" \/>\n\t<meta property=\"og:image:type\" content=\"image\/jpeg\" \/>\n<meta name=\"twitter:label1\" content=\"Gesch\u00e4tzte Lesezeit\" \/>\n\t<meta name=\"twitter:data1\" content=\"6\u00a0Minuten\" \/>\n<script type=\"application\/ld+json\" class=\"yoast-schema-graph\">{\"@context\":\"https:\\\/\\\/schema.org\",\"@graph\":[{\"@type\":\"WebPage\",\"@id\":\"https:\\\/\\\/worldcolorstudio.com\\\/services\\\/\",\"url\":\"https:\\\/\\\/worldcolorstudio.com\\\/services\\\/\",\"name\":\"Services\",\"isPartOf\":{\"@id\":\"https:\\\/\\\/worldcolorstudio.com\\\/#website\"},\"primaryImageOfPage\":{\"@id\":\"https:\\\/\\\/worldcolorstudio.com\\\/services\\\/#primaryimage\"},\"image\":{\"@id\":\"https:\\\/\\\/worldcolorstudio.com\\\/services\\\/#primaryimage\"},\"thumbnailUrl\":\"https:\\\/\\\/worldcolorstudio.com\\\/wp-content\\\/uploads\\\/banner-13-scaled-1.jpg\",\"datePublished\":\"2020-03-12T13:22:03+00:00\",\"dateModified\":\"2026-01-26T05:19:35+00:00\",\"breadcrumb\":{\"@id\":\"https:\\\/\\\/worldcolorstudio.com\\\/services\\\/#breadcrumb\"},\"inLanguage\":\"de\",\"potentialAction\":[{\"@type\":\"ReadAction\",\"target\":[\"https:\\\/\\\/worldcolorstudio.com\\\/services\\\/\"]}]},{\"@type\":\"ImageObject\",\"inLanguage\":\"de\",\"@id\":\"https:\\\/\\\/worldcolorstudio.com\\\/services\\\/#primaryimage\",\"url\":\"https:\\\/\\\/worldcolorstudio.com\\\/wp-content\\\/uploads\\\/banner-13-scaled-1.jpg\",\"contentUrl\":\"https:\\\/\\\/worldcolorstudio.com\\\/wp-content\\\/uploads\\\/banner-13-scaled-1.jpg\",\"width\":2560,\"height\":699,\"caption\":\"banner-13\"},{\"@type\":\"BreadcrumbList\",\"@id\":\"https:\\\/\\\/worldcolorstudio.com\\\/services\\\/#breadcrumb\",\"itemListElement\":[{\"@type\":\"ListItem\",\"position\":1,\"name\":\"Home\",\"item\":\"https:\\\/\\\/worldcolorstudio.com\\\/\"},{\"@type\":\"ListItem\",\"position\":2,\"name\":\"Services\"}]},{\"@type\":\"WebSite\",\"@id\":\"https:\\\/\\\/worldcolorstudio.com\\\/#website\",\"url\":\"https:\\\/\\\/worldcolorstudio.com\\\/\",\"name\":\"World Color Studio 22\",\"description\":\"German &amp; European Film Production\",\"publisher\":{\"@id\":\"https:\\\/\\\/worldcolorstudio.com\\\/#organization\"},\"potentialAction\":[{\"@type\":\"SearchAction\",\"target\":{\"@type\":\"EntryPoint\",\"urlTemplate\":\"https:\\\/\\\/worldcolorstudio.com\\\/?s={search_term_string}\"},\"query-input\":{\"@type\":\"PropertyValueSpecification\",\"valueRequired\":true,\"valueName\":\"search_term_string\"}}],\"inLanguage\":\"de\"},{\"@type\":\"Organization\",\"@id\":\"https:\\\/\\\/worldcolorstudio.com\\\/#organization\",\"name\":\"World Color Studio 22\",\"url\":\"https:\\\/\\\/worldcolorstudio.com\\\/\",\"logo\":{\"@type\":\"ImageObject\",\"inLanguage\":\"de\",\"@id\":\"https:\\\/\\\/worldcolorstudio.com\\\/#\\\/schema\\\/logo\\\/image\\\/\",\"url\":\"https:\\\/\\\/worldcolorstudio.com\\\/wp-content\\\/uploads\\\/2017\\\/07\\\/world-color-studio-black-bg-logo-1-e1603438634898.png\",\"contentUrl\":\"https:\\\/\\\/worldcolorstudio.com\\\/wp-content\\\/uploads\\\/2017\\\/07\\\/world-color-studio-black-bg-logo-1-e1603438634898.png\",\"width\":1300,\"height\":1300,\"caption\":\"World Color Studio 22\"},\"image\":{\"@id\":\"https:\\\/\\\/worldcolorstudio.com\\\/#\\\/schema\\\/logo\\\/image\\\/\"},\"sameAs\":[\"https:\\\/\\\/www.facebook.com\\\/WorldColorStudio\\\/\"]}]}<\/script>\n<!-- \/ Yoast SEO plugin. -->","yoast_head_json":{"title":"Dienstleistungen","robots":{"index":"index","follow":"follow","max-snippet":"max-snippet:-1","max-image-preview":"max-image-preview:large","max-video-preview":"max-video-preview:-1"},"canonical":"https:\/\/worldcolorstudio.com\/de\/dienstleistungen\/","og_locale":"de_DE","og_type":"article","og_title":"Services","og_url":"https:\/\/worldcolorstudio.com\/de\/dienstleistungen\/","og_site_name":"World Color Studio 22","article_publisher":"https:\/\/www.facebook.com\/WorldColorStudio\/","article_modified_time":"2026-01-26T05:19:35+00:00","og_image":[{"width":2560,"height":699,"url":"http:\/\/worldcolorstudio.com\/wp-content\/uploads\/banner-13-scaled-1.jpg","type":"image\/jpeg"}],"twitter_misc":{"Gesch\u00e4tzte Lesezeit":"6\u00a0Minuten"},"schema":{"@context":"https:\/\/schema.org","@graph":[{"@type":"WebPage","@id":"https:\/\/worldcolorstudio.com\/services\/","url":"https:\/\/worldcolorstudio.com\/services\/","name":"Dienstleistungen","isPartOf":{"@id":"https:\/\/worldcolorstudio.com\/#website"},"primaryImageOfPage":{"@id":"https:\/\/worldcolorstudio.com\/services\/#primaryimage"},"image":{"@id":"https:\/\/worldcolorstudio.com\/services\/#primaryimage"},"thumbnailUrl":"https:\/\/worldcolorstudio.com\/wp-content\/uploads\/banner-13-scaled-1.jpg","datePublished":"2020-03-12T13:22:03+00:00","dateModified":"2026-01-26T05:19:35+00:00","breadcrumb":{"@id":"https:\/\/worldcolorstudio.com\/services\/#breadcrumb"},"inLanguage":"de","potentialAction":[{"@type":"ReadAction","target":["https:\/\/worldcolorstudio.com\/services\/"]}]},{"@type":"ImageObject","inLanguage":"de","@id":"https:\/\/worldcolorstudio.com\/services\/#primaryimage","url":"https:\/\/worldcolorstudio.com\/wp-content\/uploads\/banner-13-scaled-1.jpg","contentUrl":"https:\/\/worldcolorstudio.com\/wp-content\/uploads\/banner-13-scaled-1.jpg","width":2560,"height":699,"caption":"banner-13"},{"@type":"BreadcrumbList","@id":"https:\/\/worldcolorstudio.com\/services\/#breadcrumb","itemListElement":[{"@type":"ListItem","position":1,"name":"Home","item":"https:\/\/worldcolorstudio.com\/"},{"@type":"ListItem","position":2,"name":"Services"}]},{"@type":"WebSite","@id":"https:\/\/worldcolorstudio.com\/#website","url":"https:\/\/worldcolorstudio.com\/","name":"World Color Studio 22","description":"Deutsche und europ\u00e4ische Filmproduktion","publisher":{"@id":"https:\/\/worldcolorstudio.com\/#organization"},"potentialAction":[{"@type":"SearchAction","target":{"@type":"EntryPoint","urlTemplate":"https:\/\/worldcolorstudio.com\/?s={search_term_string}"},"query-input":{"@type":"PropertyValueSpecification","valueRequired":true,"valueName":"search_term_string"}}],"inLanguage":"de"},{"@type":"Organization","@id":"https:\/\/worldcolorstudio.com\/#organization","name":"World Color Studio 22","url":"https:\/\/worldcolorstudio.com\/","logo":{"@type":"ImageObject","inLanguage":"de","@id":"https:\/\/worldcolorstudio.com\/#\/schema\/logo\/image\/","url":"https:\/\/worldcolorstudio.com\/wp-content\/uploads\/2017\/07\/world-color-studio-black-bg-logo-1-e1603438634898.png","contentUrl":"https:\/\/worldcolorstudio.com\/wp-content\/uploads\/2017\/07\/world-color-studio-black-bg-logo-1-e1603438634898.png","width":1300,"height":1300,"caption":"World Color Studio 22"},"image":{"@id":"https:\/\/worldcolorstudio.com\/#\/schema\/logo\/image\/"},"sameAs":["https:\/\/www.facebook.com\/WorldColorStudio\/"]}]}},"_links":{"self":[{"href":"https:\/\/worldcolorstudio.com\/de\/wp-json\/wp\/v2\/pages\/816","targetHints":{"allow":["GET"]}}],"collection":[{"href":"https:\/\/worldcolorstudio.com\/de\/wp-json\/wp\/v2\/pages"}],"about":[{"href":"https:\/\/worldcolorstudio.com\/de\/wp-json\/wp\/v2\/types\/page"}],"author":[{"embeddable":true,"href":"https:\/\/worldcolorstudio.com\/de\/wp-json\/wp\/v2\/users\/1"}],"replies":[{"embeddable":true,"href":"https:\/\/worldcolorstudio.com\/de\/wp-json\/wp\/v2\/comments?post=816"}],"version-history":[{"count":30,"href":"https:\/\/worldcolorstudio.com\/de\/wp-json\/wp\/v2\/pages\/816\/revisions"}],"predecessor-version":[{"id":14780,"href":"https:\/\/worldcolorstudio.com\/de\/wp-json\/wp\/v2\/pages\/816\/revisions\/14780"}],"wp:featuredmedia":[{"embeddable":true,"href":"https:\/\/worldcolorstudio.com\/de\/wp-json\/wp\/v2\/media\/762"}],"wp:attachment":[{"href":"https:\/\/worldcolorstudio.com\/de\/wp-json\/wp\/v2\/media?parent=816"}],"curies":[{"name":"wp","href":"https:\/\/api.w.org\/{rel}","templated":true}]}}